{"id":756,"date":"2024-07-09T12:46:52","date_gmt":"2024-07-09T12:46:52","guid":{"rendered":"https:\/\/vilamoura-pro-am.com\/?page_id=756"},"modified":"2024-12-19T18:49:07","modified_gmt":"2024-12-19T18:49:07","slug":"terms-conditions","status":"publish","type":"page","link":"https:\/\/vilamoura-pro-am.com\/pt\/terms-conditions\/","title":{"rendered":"Terms &#038; conditions"},"content":{"rendered":"<div data-elementor-type=\"wp-page\" data-elementor-id=\"756\" class=\"elementor elementor-756\" data-elementor-post-type=\"page\">\n\t\t\t\t<div class=\"elementor-element elementor-element-152f424 e-flex e-con-boxed e-con e-parent\" data-id=\"152f424\" data-element_type=\"container\" data-e-type=\"container\" data-settings=\"{&quot;background_background&quot;:&quot;classic&quot;}\">\n\t\t\t\t\t<div class=\"e-con-inner\">\n\t\t\t\t<div class=\"elementor-element elementor-element-3fd474a elementor-widget elementor-widget-spacer\" data-id=\"3fd474a\" data-element_type=\"widget\" data-e-type=\"widget\" data-widget_type=\"spacer.default\">\n\t\t\t\t<div class=\"elementor-widget-container\">\n\t\t\t\t\t\t\t<div class=\"elementor-spacer\">\n\t\t\t<div class=\"elementor-spacer-inner\"><\/div>\n\t\t<\/div>\n\t\t\t\t\t\t<\/div>\n\t\t\t\t<\/div>\n\t\t\t\t<div class=\"elementor-element elementor-element-406eff1 elementor-widget elementor-widget-heading\" data-id=\"406eff1\" data-element_type=\"widget\" data-e-type=\"widget\" data-widget_type=\"heading.default\">\n\t\t\t\t<div class=\"elementor-widget-container\">\n\t\t\t\t\t<h2 class=\"elementor-heading-title elementor-size-default\">Condi\u00e7\u00f5es do Torneio<\/h2>\t\t\t\t<\/div>\n\t\t\t\t<\/div>\n\t\t\t\t<div class=\"elementor-element elementor-element-f3c2118 elementor-widget elementor-widget-spacer\" data-id=\"f3c2118\" data-element_type=\"widget\" data-e-type=\"widget\" data-widget_type=\"spacer.default\">\n\t\t\t\t<div class=\"elementor-widget-container\">\n\t\t\t\t\t\t\t<div class=\"elementor-spacer\">\n\t\t\t<div class=\"elementor-spacer-inner\"><\/div>\n\t\t<\/div>\n\t\t\t\t\t\t<\/div>\n\t\t\t\t<\/div>\n\t\t\t\t\t<\/div>\n\t\t\t\t<\/div>\n\t\t<div class=\"elementor-element elementor-element-6294b24 e-flex e-con-boxed e-con e-parent\" data-id=\"6294b24\" data-element_type=\"container\" data-e-type=\"container\">\n\t\t\t\t\t<div class=\"e-con-inner\">\n\t\t\t\t<div class=\"elementor-element elementor-element-4afa196 elementor-widget elementor-widget-spacer\" data-id=\"4afa196\" data-element_type=\"widget\" data-e-type=\"widget\" data-widget_type=\"spacer.default\">\n\t\t\t\t<div class=\"elementor-widget-container\">\n\t\t\t\t\t\t\t<div class=\"elementor-spacer\">\n\t\t\t<div class=\"elementor-spacer-inner\"><\/div>\n\t\t<\/div>\n\t\t\t\t\t\t<\/div>\n\t\t\t\t<\/div>\n\t\t\t\t<div class=\"elementor-element elementor-element-30a95a0 elementor-widget elementor-widget-spacer\" data-id=\"30a95a0\" data-element_type=\"widget\" data-e-type=\"widget\" data-widget_type=\"spacer.default\">\n\t\t\t\t<div class=\"elementor-widget-container\">\n\t\t\t\t\t\t\t<div class=\"elementor-spacer\">\n\t\t\t<div class=\"elementor-spacer-inner\"><\/div>\n\t\t<\/div>\n\t\t\t\t\t\t<\/div>\n\t\t\t\t<\/div>\n\t\t\t\t<div class=\"elementor-element elementor-element-557d167 elementor-widget elementor-widget-text-editor\" data-id=\"557d167\" data-element_type=\"widget\" data-e-type=\"widget\" data-widget_type=\"text-editor.default\">\n\t\t\t\t<div class=\"elementor-widget-container\">\n\t\t\t\t\t\t\t\t\t<p><strong>O pacote Pro-Am para amadores inclui:<\/strong><\/p><ul><li>Cinco ou sete noites de alojamento com pequeno-almo\u00e7o no Hilton Vilamoura As Cascatas Golf Resort &amp; Spa.<\/li><li>Tr\u00eas voltas Pro-Am (Old Course, Millennium, Pinhal)<\/li><li>Uma volta de pr\u00e1tica<\/li><li>Transfers (aeroporto de Faro para\/do hotel \u2013 transfers para\/dos campos de golfe)<\/li><li>Bolas de golfe no driving range<\/li><li>Buggies partilhados para todas as voltas Pro-Am<\/li><li>Refrescos e snacks no campo no dia de pr\u00e1tica oficial e nas tr\u00eas voltas do Pro-Am<\/li><li>Pack de boas-vindas<\/li><li>Rece\u00e7\u00e3o de boas-vindas no Clubhouse do Pinhal (10 de fevereiro)<\/li><li>Jantar e festa no Hilton Vilamoura As Cascatas Golf Resort &amp; Spa (12 de fevereiro)<\/li><li>Jantar de despedida e entrega de pr\u00e9mios no Hilton Vilamoura As Cascatas Golf Resort &amp; Spa (13 de fevereiro)<\/li><li>Seguro de responsabilidade civil e de danos corporais nos campos de golfe<\/li><li>Impostos<\/li><\/ul><p><strong>N\u00e3o inclu\u00eddo em nenhum pacote:<\/strong><\/p><ul><li>Voos<\/li><li>Extras no hotel e nas instala\u00e7\u00f5es de golfe<\/li><\/ul><p><strong>\u00a0<\/strong><\/p><p><strong>Profissionais:<\/strong><\/p><ul><li>Os profissionais da PGA n\u00e3o pagam, quando a acompanharem uma equipa de 3 amadores.<\/li><li>O alojamento para profissionais \u00e9 gratuito, se partilharem um quarto twin com um amador que o paga. Caso o profissional deseje ficar num quarto individual, aplica-se um suplemento.<\/li><li>Qualquer despesa extra, ser\u00e1 da responsabilidade do profissional.<\/li><\/ul><p><strong style=\"color: var( --e-global-color-text ); font-family: var( --e-global-typography-text-font-family ), Sans-serif; text-align: var(--text-align); font-size: 1rem;\">N\u00e3o Jogadores:<\/strong><\/p><ul><li>N\u00e3o golfistas que acompanharem amadores ou profissionais ter\u00e3o os seguintes custos:<ul><li>Hilton Vilamoura As Cascatas Golf Resort &amp; Spa:<ul><li>Pacote de 5 noites: \u20ac995<\/li><li>Pacote de 7 noites: \u20ac1,175<\/li><\/ul><\/li><\/ul><\/li><\/ul><ul><li>O pre\u00e7o inclui transferes de e para o aeroporto e participa\u00e7\u00e3o nos 3 eventos sociais. N\u00e3o golfistas n\u00e3o t\u00eam acesso a green fees.<\/li><\/ul><div>\u00a0<\/div><p><strong>Pol\u00edtica de Inscri\u00e7\u00e3o \/ Participa\u00e7\u00e3o:<\/strong><\/p><ul><li>O prazo final para inscri\u00e7\u00f5es \u00e9 31 de Janeiro de 2025.<\/li><li>As inscri\u00e7\u00f5es ser\u00e3o atribu\u00eddas por ordem de chegada. As vagas s\u00e3o limitadas a 70 equipas.<\/li><li>A inscri\u00e7\u00e3o de uma equipa \u00e9 considerada v\u00e1lida apenas ap\u00f3s o pagamento integral das taxas do pacote Pro-Am dos amadores.<\/li><li>Os amadores devem fornecer o seu handicap exato no momento da inscri\u00e7\u00e3o e devem fornecer um certificado de handicap atualizado uma semana antes do torneio ou no registo do evento. Caso contr\u00e1rio, o jogador jogar\u00e1 com handicap zero durante o torneio.<\/li><li>Todos os vencedores de pr\u00e9mios dever\u00e3o fornecer prova atual do handicap antes das suas equipas receberem os pr\u00e9mios.<\/li><\/ul><div>\u00a0<\/div><p><strong>Pol\u00edtica de Pagamento e Cancelamento:<\/strong><\/p><ul><li>Ap\u00f3s a rece\u00e7\u00e3o da inscri\u00e7\u00e3o, ser\u00e1 emitido um link de pagamento individual pelo Dom Pedro Investimentos Imobili\u00e1rios, S.A.<\/li><li>At\u00e9 6 de setembro, \u00e9 necess\u00e1rio um dep\u00f3sito de \u20ac100 por amador para garantir a reserva,<sup><span><\/sup> com o valor remanescente a ser pago at\u00e9 11 de Novembro.<\/li><li>A falta de pagamento de qualquer taxa de amador resultar\u00e1 na perda de uma vaga entre as 70 equipas.<\/li><li>Ap\u00f3s o pagamento das taxas do pacote Pro-Am, a inscri\u00e7\u00e3o da sua equipa ser\u00e1 confirmada.<\/li><li>Para cancelamentos recebidos at\u00e9 11 de Dezembro: ser\u00e1 aplicado um reembolso de 50% das respetivas taxas do pacote Pro-Am.<\/li><\/ul>\t\t\t\t\t\t\t\t<\/div>\n\t\t\t\t<\/div>\n\t\t\t\t\t<\/div>\n\t\t\t\t<\/div>\n\t\t<div class=\"elementor-element elementor-element-15799fa e-flex e-con-boxed e-con e-parent\" data-id=\"15799fa\" data-element_type=\"container\" data-e-type=\"container\">\n\t\t\t\t\t<div class=\"e-con-inner\">\n\t\t\t\t\t<\/div>\n\t\t\t\t<\/div>\n\t\t\t\t<\/div>","protected":false},"excerpt":{"rendered":"<p>Tournament Conditions The Pro-Am package for amateurs includes: Five or seven-nights B&amp;B accommodation at Hilton Vilamoura As Cascatas Golf Resort &amp; Spa Three Pro-Am rounds (Old Course, Millennium, Pinhal) Official practice round (one practice round) Transfers (Faro airport to\/from hotel \u2013 transfers to\/from golf courses) Golf balls for practice Shared buggies for all Pro-Am rounds [&hellip;]<\/p>\n","protected":false},"author":2,"featured_media":0,"parent":0,"menu_order":0,"comment_status":"closed","ping_status":"closed","template":"elementor_header_footer","meta":{"footnotes":""},"class_list":["post-756","page","type-page","status-publish","hentry"],"_links":{"self":[{"href":"https:\/\/vilamoura-pro-am.com\/pt\/wp-json\/wp\/v2\/pages\/756","targetHints":{"allow":["GET"]}}],"collection":[{"href":"https:\/\/vilamoura-pro-am.com\/pt\/wp-json\/wp\/v2\/pages"}],"about":[{"href":"https:\/\/vilamoura-pro-am.com\/pt\/wp-json\/wp\/v2\/types\/page"}],"author":[{"embeddable":true,"href":"https:\/\/vilamoura-pro-am.com\/pt\/wp-json\/wp\/v2\/users\/2"}],"replies":[{"embeddable":true,"href":"https:\/\/vilamoura-pro-am.com\/pt\/wp-json\/wp\/v2\/comments?post=756"}],"version-history":[{"count":34,"href":"https:\/\/vilamoura-pro-am.com\/pt\/wp-json\/wp\/v2\/pages\/756\/revisions"}],"predecessor-version":[{"id":1057,"href":"https:\/\/vilamoura-pro-am.com\/pt\/wp-json\/wp\/v2\/pages\/756\/revisions\/1057"}],"wp:attachment":[{"href":"https:\/\/vilamoura-pro-am.com\/pt\/wp-json\/wp\/v2\/media?parent=756"}],"curies":[{"name":"wp","href":"https:\/\/api.w.org\/{rel}","templated":true}]}}