{"id":77,"date":"2024-06-25T15:23:53","date_gmt":"2024-06-25T15:23:53","guid":{"rendered":"https:\/\/vilamoura-pro-am.com\/?page_id=77"},"modified":"2026-02-10T10:58:39","modified_gmt":"2026-02-10T10:58:39","slug":"about-the-event","status":"publish","type":"page","link":"https:\/\/vilamoura-pro-am.com\/pt\/about-the-event\/","title":{"rendered":"Sobre o Evento"},"content":{"rendered":"<div data-elementor-type=\"wp-page\" data-elementor-id=\"77\" class=\"elementor elementor-77\" data-elementor-post-type=\"page\">\n\t\t\t\t<div class=\"elementor-element elementor-element-152f424 e-flex e-con-boxed e-con e-parent\" data-id=\"152f424\" data-element_type=\"container\" data-e-type=\"container\" data-settings=\"{&quot;background_background&quot;:&quot;classic&quot;}\">\n\t\t\t\t\t<div class=\"e-con-inner\">\n\t\t\t\t<div class=\"elementor-element elementor-element-3fd474a elementor-widget elementor-widget-spacer\" data-id=\"3fd474a\" data-element_type=\"widget\" data-e-type=\"widget\" data-widget_type=\"spacer.default\">\n\t\t\t\t<div class=\"elementor-widget-container\">\n\t\t\t\t\t\t\t<div class=\"elementor-spacer\">\n\t\t\t<div class=\"elementor-spacer-inner\"><\/div>\n\t\t<\/div>\n\t\t\t\t\t\t<\/div>\n\t\t\t\t<\/div>\n\t\t\t\t<div class=\"elementor-element elementor-element-406eff1 elementor-widget elementor-widget-heading\" data-id=\"406eff1\" data-element_type=\"widget\" data-e-type=\"widget\" data-widget_type=\"heading.default\">\n\t\t\t\t<div class=\"elementor-widget-container\">\n\t\t\t\t\t<h2 class=\"elementor-heading-title elementor-size-default\">O TORNEIO<\/h2>\t\t\t\t<\/div>\n\t\t\t\t<\/div>\n\t\t\t\t<div class=\"elementor-element elementor-element-f3c2118 elementor-widget elementor-widget-spacer\" data-id=\"f3c2118\" data-element_type=\"widget\" data-e-type=\"widget\" data-widget_type=\"spacer.default\">\n\t\t\t\t<div class=\"elementor-widget-container\">\n\t\t\t\t\t\t\t<div class=\"elementor-spacer\">\n\t\t\t<div class=\"elementor-spacer-inner\"><\/div>\n\t\t<\/div>\n\t\t\t\t\t\t<\/div>\n\t\t\t\t<\/div>\n\t\t\t\t\t<\/div>\n\t\t\t\t<\/div>\n\t\t<div class=\"elementor-element elementor-element-8c8388f e-flex e-con-boxed e-con e-parent\" data-id=\"8c8388f\" data-element_type=\"container\" data-e-type=\"container\" data-settings=\"{&quot;background_background&quot;:&quot;classic&quot;}\">\n\t\t\t\t\t<div class=\"e-con-inner\">\n\t\t\t\t<div class=\"elementor-element elementor-element-16440b4 elementor-widget elementor-widget-spacer\" data-id=\"16440b4\" data-element_type=\"widget\" data-e-type=\"widget\" data-widget_type=\"spacer.default\">\n\t\t\t\t<div class=\"elementor-widget-container\">\n\t\t\t\t\t\t\t<div class=\"elementor-spacer\">\n\t\t\t<div class=\"elementor-spacer-inner\"><\/div>\n\t\t<\/div>\n\t\t\t\t\t\t<\/div>\n\t\t\t\t<\/div>\n\t\t\t\t<div class=\"elementor-element elementor-element-e66a2b3 elementor-widget elementor-widget-heading\" data-id=\"e66a2b3\" data-element_type=\"widget\" data-e-type=\"widget\" data-widget_type=\"heading.default\">\n\t\t\t\t<div class=\"elementor-widget-container\">\n\t\t\t\t\t<h2 class=\"elementor-heading-title elementor-size-default\">A nossa vis\u00e3o<\/h2>\t\t\t\t<\/div>\n\t\t\t\t<\/div>\n\t\t\t\t<div class=\"elementor-element elementor-element-1d5844f elementor-widget elementor-widget-text-editor\" data-id=\"1d5844f\" data-element_type=\"widget\" data-e-type=\"widget\" data-widget_type=\"text-editor.default\">\n\t\t\t\t<div class=\"elementor-widget-container\">\n\t\t\t\t\t\t\t\t\t<p>O Vilamoura Pro-Am oferece uma oportunidade \u00fanica para explorar e experimentar o luxo e o estilo de vida distinto de Vilamoura. A nossa vis\u00e3o \u00e9 criar uma experi\u00eancia de golfe inesquec\u00edvel, que mostre tanto o desporto como o luxuoso destino de Vilamoura.<\/p>\t\t\t\t\t\t\t\t<\/div>\n\t\t\t\t<\/div>\n\t\t\t\t<div class=\"elementor-element elementor-element-fc9a558 elementor-widget elementor-widget-spacer\" data-id=\"fc9a558\" data-element_type=\"widget\" data-e-type=\"widget\" data-widget_type=\"spacer.default\">\n\t\t\t\t<div class=\"elementor-widget-container\">\n\t\t\t\t\t\t\t<div class=\"elementor-spacer\">\n\t\t\t<div class=\"elementor-spacer-inner\"><\/div>\n\t\t<\/div>\n\t\t\t\t\t\t<\/div>\n\t\t\t\t<\/div>\n\t\t\t\t\t<\/div>\n\t\t\t\t<\/div>\n\t\t<div class=\"elementor-element elementor-element-a57af08 e-flex e-con-boxed e-con e-parent\" data-id=\"a57af08\" data-element_type=\"container\" data-e-type=\"container\" data-settings=\"{&quot;background_background&quot;:&quot;classic&quot;}\">\n\t\t\t\t\t<div class=\"e-con-inner\">\n\t\t\t\t<div class=\"elementor-element elementor-element-fac92d3 elementor-widget elementor-widget-heading\" data-id=\"fac92d3\" data-element_type=\"widget\" data-e-type=\"widget\" data-widget_type=\"heading.default\">\n\t\t\t\t<div class=\"elementor-widget-container\">\n\t\t\t\t\t<h2 class=\"elementor-heading-title elementor-size-default\">Vis\u00e3o Geral do Evento<\/h2>\t\t\t\t<\/div>\n\t\t\t\t<\/div>\n\t\t\t\t<div class=\"elementor-element elementor-element-c57ede2 elementor-widget elementor-widget-text-editor\" data-id=\"c57ede2\" data-element_type=\"widget\" data-e-type=\"widget\" data-widget_type=\"text-editor.default\">\n\t\t\t\t<div class=\"elementor-widget-container\">\n\t\t\t\t\t\t\t\t\t<ul><li><strong>Data:<\/strong> 1 a 5 de Mar\u00e7o, 2027<\/li><li><strong>Localiza\u00e7\u00e3o:<\/strong> TBC<\/li><li><strong>Participantes:<\/strong> TBC<\/li><li><strong>Alojamento:<\/strong> TBC<\/li><li><strong>Eventos Sociais:<\/strong> TBC<\/li><\/ul><p><strong>\u00a0<\/strong><\/p><p><strong>Homologado pela Federa\u00e7\u00e3o Portuguesa de Golfe:<\/strong><br \/>O nosso torneio \u00e9 oficialmente homologado pela Federa\u00e7\u00e3o Portuguesa de Golfe, garantindo um elevado n\u00edvel de competitividade.<\/p>\t\t\t\t\t\t\t\t<\/div>\n\t\t\t\t<\/div>\n\t\t\t\t\t<\/div>\n\t\t\t\t<\/div>\n\t\t<div class=\"elementor-element elementor-element-4c95ecb e-flex e-con-boxed e-con e-parent\" data-id=\"4c95ecb\" data-element_type=\"container\" data-e-type=\"container\">\n\t\t\t\t\t<div class=\"e-con-inner\">\n\t\t\t\t<div class=\"elementor-element elementor-element-d52a6d9 elementor-widget elementor-widget-spacer\" data-id=\"d52a6d9\" data-element_type=\"widget\" data-e-type=\"widget\" data-widget_type=\"spacer.default\">\n\t\t\t\t<div class=\"elementor-widget-container\">\n\t\t\t\t\t\t\t<div class=\"elementor-spacer\">\n\t\t\t<div class=\"elementor-spacer-inner\"><\/div>\n\t\t<\/div>\n\t\t\t\t\t\t<\/div>\n\t\t\t\t<\/div>\n\t\t\t\t<div class=\"elementor-element elementor-element-0a169e5 elementor-widget elementor-widget-heading\" data-id=\"0a169e5\" data-element_type=\"widget\" data-e-type=\"widget\" data-widget_type=\"heading.default\">\n\t\t\t\t<div class=\"elementor-widget-container\">\n\t\t\t\t\t<h2 class=\"elementor-heading-title elementor-size-default\">Calend\u00e1rio disponivel brevemente<\/h2>\t\t\t\t<\/div>\n\t\t\t\t<\/div>\n\t\t\t\t<div class=\"elementor-element elementor-element-6336ac8 elementor-widget elementor-widget-spacer\" data-id=\"6336ac8\" data-element_type=\"widget\" data-e-type=\"widget\" data-widget_type=\"spacer.default\">\n\t\t\t\t<div class=\"elementor-widget-container\">\n\t\t\t\t\t\t\t<div class=\"elementor-spacer\">\n\t\t\t<div class=\"elementor-spacer-inner\"><\/div>\n\t\t<\/div>\n\t\t\t\t\t\t<\/div>\n\t\t\t\t<\/div>\n\t\t\t\t<div class=\"elementor-element elementor-element-c597122 elementor-hidden-desktop elementor-hidden-tablet elementor-hidden-mobile elementor-widget elementor-widget-text-editor\" data-id=\"c597122\" data-element_type=\"widget\" data-e-type=\"widget\" data-widget_type=\"text-editor.default\">\n\t\t\t\t<div class=\"elementor-widget-container\">\n\t\t\t\t\t\t\t\t\t<p><strong>1 de Fevereiro, Domingo<\/strong><\/p><ul><li>Chegada<\/li><\/ul><p><strong>2 de Fevereiro, segunda-feira<\/strong><\/p><ul><li>Practice Round: Laguna &amp; Millennium (Tee times from 9:30)<\/li><li>Welcome Cocktail at Thai Beach Club (19:00)<\/li><\/ul><p><strong>3 de fevereiro, ter\u00e7a-feira<\/strong><\/p><ul><li>1st Round at Pinhal, Old Course and The Els Club (Tee times from 9:30)<\/li><li>Book your dinner and enjoy <a href=\"https:\/\/cdn.triparound.com\/widget\/master\/?locale=en&amp;business_id=3222&amp;category_id=5947\">our restaurant recommendation<\/a><\/li><\/ul><p><strong>4 de fevereiro, quarta-feira<\/strong><\/p><ul><li>2nd Round at Pinhal, Old Course and The Els Club (Tee times from 9:30)<\/li><li>Dinner &amp; Party at Victoria Golf Resort &amp; Spa (19:00)<\/li><\/ul><p><strong>5 de fevereiro, quinta-feira<\/strong><\/p><ul><li>3rd Round at Pinhal, Old Course and The Els Club (Tee times from 9:30)<\/li><li>Fairwell Dinner and Prize-Giving at Hilton Vilamoura (19:00)<\/li><\/ul><p><strong>6 de fevereiro, sexta-feira<\/strong><\/p><ul><li>Check out and departure\u00a0<\/li><\/ul>\t\t\t\t\t\t\t\t<\/div>\n\t\t\t\t<\/div>\n\t\t\t\t\t<\/div>\n\t\t\t\t<\/div>\n\t\t<div class=\"elementor-element elementor-element-6d2d2d1 e-flex e-con-boxed e-con e-parent\" data-id=\"6d2d2d1\" data-element_type=\"container\" data-e-type=\"container\">\n\t\t\t\t\t<div class=\"e-con-inner\">\n\t\t\t\t<div class=\"elementor-element elementor-element-7e5b7ff elementor-widget elementor-widget-spacer\" data-id=\"7e5b7ff\" data-element_type=\"widget\" data-e-type=\"widget\" data-widget_type=\"spacer.default\">\n\t\t\t\t<div class=\"elementor-widget-container\">\n\t\t\t\t\t\t\t<div class=\"elementor-spacer\">\n\t\t\t<div class=\"elementor-spacer-inner\"><\/div>\n\t\t<\/div>\n\t\t\t\t\t\t<\/div>\n\t\t\t\t<\/div>\n\t\t\t\t\t<\/div>\n\t\t\t\t<\/div>\n\t\t\t\t<\/div>","protected":false},"excerpt":{"rendered":"<p>THE TOURNAMENT Our Vision Vilamoura Pro-Am offers a unique opportunity to explore and experience the luxurious and distinctive lifestyle of Vilamoura. Our vision is to create an unforgettable golfing experience that showcases both the sport and the destination of Vilamoura. Event Overview: Date: March 1st-5th, 2027 Location: TBC Participants: TBC Accommodation: TBC Social Events: TBC [&hellip;]<\/p>\n","protected":false},"author":2,"featured_media":0,"parent":0,"menu_order":0,"comment_status":"closed","ping_status":"closed","template":"elementor_header_footer","meta":{"footnotes":""},"class_list":["post-77","page","type-page","status-publish","hentry"],"_links":{"self":[{"href":"https:\/\/vilamoura-pro-am.com\/pt\/wp-json\/wp\/v2\/pages\/77","targetHints":{"allow":["GET"]}}],"collection":[{"href":"https:\/\/vilamoura-pro-am.com\/pt\/wp-json\/wp\/v2\/pages"}],"about":[{"href":"https:\/\/vilamoura-pro-am.com\/pt\/wp-json\/wp\/v2\/types\/page"}],"author":[{"embeddable":true,"href":"https:\/\/vilamoura-pro-am.com\/pt\/wp-json\/wp\/v2\/users\/2"}],"replies":[{"embeddable":true,"href":"https:\/\/vilamoura-pro-am.com\/pt\/wp-json\/wp\/v2\/comments?post=77"}],"version-history":[{"count":145,"href":"https:\/\/vilamoura-pro-am.com\/pt\/wp-json\/wp\/v2\/pages\/77\/revisions"}],"predecessor-version":[{"id":1533,"href":"https:\/\/vilamoura-pro-am.com\/pt\/wp-json\/wp\/v2\/pages\/77\/revisions\/1533"}],"wp:attachment":[{"href":"https:\/\/vilamoura-pro-am.com\/pt\/wp-json\/wp\/v2\/media?parent=77"}],"curies":[{"name":"wp","href":"https:\/\/api.w.org\/{rel}","templated":true}]}}